{"id":159,"date":"2012-07-12T10:14:33","date_gmt":"2012-07-12T10:14:33","guid":{"rendered":"http:\/\/malsyni.hi.is\/?page_id=159"},"modified":"2024-06-21T08:58:59","modified_gmt":"2024-06-21T08:58:59","slug":"fdsa","status":"publish","type":"page","link":"https:\/\/malsyni.hi.is\/?page_id=159","title":{"rendered":"M\u00e1ls\u00fdnataka"},"content":{"rendered":"<p>Gott er a\u00f0 hafa \u00ed huga a\u00f0 m\u00e1ls\u00fdni\u00f0 \u00e1 a\u00f0 endurspegla raunverulega og d\u00e6miger\u00f0a getu barnsins til a\u00f0 tj\u00e1 sig. Nau\u00f0synlegt er a\u00f0 barninu l\u00ed\u00f0i vel og a\u00f0 umhverfi\u00f0 s\u00e9 notalegt. S\u00fdna \u00fearf barninu \u00e1huga og bera vir\u00f0ingu fyrir vi\u00f0leitni \u00feess a\u00f0 tj\u00e1 sig. Reyni\u00f0 a\u00f0 skapa l\u00e9tt, afslappa\u00f0 andr\u00famsloft og n\u00e1i\u00f0 g\u00f3\u00f0u augnsambandi vi\u00f0 barni\u00f0. Brosi\u00f0 og taki\u00f0 eftir barninu. S\u00fdni\u00f0 \u00fev\u00ed \u00f3skipta athygli. Hiti\u00f0 upp me\u00f0 almennu spjalli \u00e1\u00f0ur en hafist er handa vi\u00f0 a\u00f0 taka upp. Haf\u00f0u eftirfarandi atri\u00f0i \u00ed huga vi\u00f0 a\u00f0 la\u00f0a fram sj\u00e1lfsprotti\u00f0 tal hj\u00e1 barni \u00e1 leiksk\u00f3laaldri.<\/p>\n<p><strong>Fylgi\u00f0 \u00e1huga barnsins<\/strong><br \/>\nFylgi\u00f0 \u00e1huga vi\u00f0 val \u00e1 umr\u00e6\u00f0uefni og leikf\u00f6ngum. Ef barni\u00f0 hefur mikinn \u00e1huga \u00e1 risae\u00f0lum, b\u00edlum, kubbum, d\u00fakkum e\u00f0a \u00e1kve\u00f0num b\u00f3kum noti\u00f0 \u00fe\u00e1 \u00feessi vi\u00f0fangsefni \u00feegar \u00fei\u00f0 eru\u00f0 a\u00f0 la\u00f0a fram m\u00e1ltj\u00e1ningu barnsins.<\/p>\n<p><a href=\"https:\/\/malsyni.hi.is\/wp-content\/uploads\/2012\/06\/ahugi_barns.wmv\">D\u00e6mi<\/a><\/p>\n<p><strong>N\u00favitund.<\/strong><br \/>\nBest er a\u00f0 halda sig vi\u00f0 n\u00fai\u00f0 og r\u00e6\u00f0i\u00f0 um leikf\u00f6ng e\u00f0a d\u00f3t sem barni\u00f0 hefur fyrir framan sig. Leiki\u00f0 vi\u00f0 barni\u00f0 og tali\u00f0 um \u00fea\u00f0 sem \u00fei\u00f0 eru\u00f0 a\u00f0 gera. R\u00e6\u00f0i\u00f0 um \u00fea\u00f0 sem barni\u00f0 er a\u00f0 gera. Best er a\u00f0 halda sig vi\u00f0 l\u00ed\u00f0andi stund og r\u00e6\u00f0a um \u00fea\u00f0 sem er a\u00f0 gerast h\u00e9r og n\u00fa. Ekki er gott a\u00f0 reyna a\u00f0 f\u00e1 barni\u00f0 til a\u00f0 segja s\u00f6gur fr\u00e1 li\u00f0num atbur\u00f0um nema a\u00f0 \u00fea\u00f0 hafi \u00e1huga \u00e1 \u00fev\u00ed.<\/p>\n<p><a href=\"https:\/\/malsyni.hi.is\/wp-content\/uploads\/2012\/06\/endurtaka_setningu.wmv\" target=\"_blank\" rel=\"noopener\">D\u00e6mi<\/a><\/p>\n<p><strong>\u00deagnir<\/strong><br \/>\n\u00deagnir eru e\u00f0lilegur \u00fe\u00e1ttur \u00ed samskiptum. \u00de\u00e6r eru ekkert til a\u00f0 \u00f3ttast. Oft dugar a\u00f0 b\u00ed\u00f0a og vera \u00feolinm\u00f3\u00f0ur. Gott r\u00e1\u00f0 til a\u00f0 hvetja barni\u00f0 \u00e1fram til a\u00f0 tj\u00e1 sig er a\u00f0 endurtaka setninguna sem barni\u00f0 var a\u00f0 lj\u00faka vi\u00f0. \u00dea\u00f0 s\u00fdnir l\u00edka virka hlustun. Stundum getur veri\u00f0 gott a\u00f0 stinga upp \u00e1 n\u00fdju vi\u00f0fangsefni e\u00f0a koma me\u00f0 \u00e1bendingar. Almennt s\u00e9\u00f0 er ekki gott a\u00f0 skipta oft um umr\u00e6\u00f0uefni.<\/p>\n<p><a href=\"https:\/\/malsyni.hi.is\/wp-content\/uploads\/2012\/06\/gefa_tima1.wmv\">D\u00e6mi 1<\/a><\/p>\n<p><a href=\"https:\/\/malsyni.hi.is\/wp-content\/uploads\/2012\/06\/gefa_tima2.wmv\">D\u00e6mi 2<\/a><\/p>\n<p><strong>Skipta um umr\u00e6\u00f0uefni<\/strong><br \/>\nFor\u00f0ist a\u00f0 skipta oft um umr\u00e6\u00f0uefni. \u00dea\u00f0 er ekki vi\u00f0m\u00e6landans a\u00f0 \u00e1kve\u00f0a um hva\u00f0 umr\u00e6\u00f0urnar eiga a\u00f0 vera. Samtali\u00f0 ver\u00f0ur mun \u00e1hugaver\u00f0ara og skemmtilegra ef barni\u00f0 lei\u00f0ir \u00fea\u00f0 og f\u00e6r a\u00f0 tala um \u00fea\u00f0 sem \u00fev\u00ed er hugleiki\u00f0.<\/p>\n<p><strong>Spurningar<\/strong><br \/>\nSpurningar eru vandme\u00f0farnar. Mikilv\u00e6gt er a\u00f0 <strong>for\u00f0ast a\u00f0 yfirheyra barni\u00f0<\/strong>, sleppa spurningum sem lei\u00f0a a\u00f0 \u00e1kve\u00f0num sv\u00f6rum og spyrja ekki margra spurninga \u00fear sem barni\u00f0 veit a\u00f0 vi\u00f0m\u00e6landinn veit svari\u00f0. Opnar spurningar auka l\u00edkur \u00e1 \u00fev\u00ed a\u00f0 barni\u00f0 tj\u00e1i sig \u00ed setningahlutum e\u00f0a heilum setningum frekar en \u00feegar barni\u00f0 er spurt me\u00f0 loku\u00f0um spurningum. D\u00e6mi um opna spurningu er hva\u00f0 ger\u00f0ist\u2026 ,<\/p>\n<p>&nbsp;<\/p>\n<p>&nbsp;<\/p>\n","protected":false},"excerpt":{"rendered":"<p>Gott er a\u00f0 hafa \u00ed huga a\u00f0 m\u00e1ls\u00fdni\u00f0 \u00e1 a\u00f0 endurspegla raunverulega og d\u00e6miger\u00f0a getu barnsins til a\u00f0 tj\u00e1 sig. Nau\u00f0synlegt er a\u00f0 barninu l\u00ed\u00f0i vel og a\u00f0 umhverfi\u00f0 s\u00e9 notalegt. S\u00fdna \u00fearf barninu \u00e1huga og bera vir\u00f0ingu fyrir vi\u00f0leitni \u00feess a\u00f0 tj\u00e1 sig. Reyni\u00f0 a\u00f0 skapa l\u00e9tt, afslappa\u00f0 andr\u00famsloft og n\u00e1i\u00f0 g\u00f3\u00f0u augnsambandi vi\u00f0&hellip;<\/p>\n","protected":false},"author":3,"featured_media":0,"parent":0,"menu_order":4,"comment_status":"closed","ping_status":"closed","template":"","meta":{"footnotes":""},"class_list":["post-159","page","type-page","status-publish","hentry"],"_links":{"self":[{"href":"https:\/\/malsyni.hi.is\/index.php?rest_route=\/wp\/v2\/pages\/159","targetHints":{"allow":["GET"]}}],"collection":[{"href":"https:\/\/malsyni.hi.is\/index.php?rest_route=\/wp\/v2\/pages"}],"about":[{"href":"https:\/\/malsyni.hi.is\/index.php?rest_route=\/wp\/v2\/types\/page"}],"author":[{"embeddable":true,"href":"https:\/\/malsyni.hi.is\/index.php?rest_route=\/wp\/v2\/users\/3"}],"replies":[{"embeddable":true,"href":"https:\/\/malsyni.hi.is\/index.php?rest_route=%2Fwp%2Fv2%2Fcomments&post=159"}],"version-history":[{"count":13,"href":"https:\/\/malsyni.hi.is\/index.php?rest_route=\/wp\/v2\/pages\/159\/revisions"}],"predecessor-version":[{"id":175,"href":"https:\/\/malsyni.hi.is\/index.php?rest_route=\/wp\/v2\/pages\/159\/revisions\/175"}],"wp:attachment":[{"href":"https:\/\/malsyni.hi.is\/index.php?rest_route=%2Fwp%2Fv2%2Fmedia&parent=159"}],"curies":[{"name":"wp","href":"https:\/\/api.w.org\/{rel}","templated":true}]}}