{"id":16,"date":"2012-06-12T14:42:18","date_gmt":"2012-06-12T14:42:18","guid":{"rendered":"http:\/\/malsyni.hi.is\/?page_id=16"},"modified":"2024-06-21T09:28:08","modified_gmt":"2024-06-21T09:28:08","slug":"urvinnsla","status":"publish","type":"page","link":"https:\/\/malsyni.hi.is\/?page_id=16","title":{"rendered":"\u00darvinnsla"},"content":{"rendered":"<p>\u00deegar b\u00fai\u00f0 er a\u00f0 afrita m\u00e1ls\u00fdni\u00f0 \u00fearf a\u00f0 hefjast handa vi\u00f0 a\u00f0 greina \u00fea\u00f0 og bera saman vi\u00f0 \u00f6nnur m\u00e1ls\u00fdni barna \u00e1 svipu\u00f0um aldri. Gott er a\u00f0 renna yfir s\u00fdni\u00f0 og sj\u00e1 hvort barni\u00f0 vir\u00f0ist eiga erfitt me\u00f0 a\u00f0 or\u00f0a hugsanir s\u00ednar, s\u00e9 lengi a\u00f0 finna or\u00f0 og hugt\u00f6k e\u00f0a hvort \u00fea\u00f0 s\u00e9 me\u00f0 mikla \u00fat\u00fard\u00fara, hik, h\u00f6kt e\u00f0a h\u00e6kjuor\u00f0. Einnig \u00fearf a\u00f0 sko\u00f0a m\u00e1lfr\u00e6\u00f0ivillur hvers e\u00f0lis \u00fe\u00e6r eru og hver s\u00e9 t\u00ed\u00f0ni \u00feeirra mi\u00f0a\u00f0 vi\u00f0 jafnaldra. Beri\u00f0 saman vi\u00f0 me\u00f0alt\u00f6l HFO, FMO og MLS og einnig villur. \u00d6ll m\u00e1ls\u00fdnin voru um 50 seg\u00f0ir a\u00f0 lengd.<\/p>\n<p><a href=\"https:\/\/malsyni.hi.is\/wp-content\/uploads\/2024\/06\/tafla1b.jpg\"><img loading=\"lazy\" decoding=\"async\" class=\"aligncenter wp-image-229 size-large\" src=\"https:\/\/malsyni.hi.is\/wp-content\/uploads\/2024\/06\/tafla1b-1024x516.jpg\" alt=\"\" width=\"1024\" height=\"516\" srcset=\"https:\/\/malsyni.hi.is\/wp-content\/uploads\/2024\/06\/tafla1b-1024x516.jpg 1024w, https:\/\/malsyni.hi.is\/wp-content\/uploads\/2024\/06\/tafla1b-300x151.jpg 300w, https:\/\/malsyni.hi.is\/wp-content\/uploads\/2024\/06\/tafla1b-768x387.jpg 768w, https:\/\/malsyni.hi.is\/wp-content\/uploads\/2024\/06\/tafla1b-100x50.jpg 100w, https:\/\/malsyni.hi.is\/wp-content\/uploads\/2024\/06\/tafla1b-150x76.jpg 150w, https:\/\/malsyni.hi.is\/wp-content\/uploads\/2024\/06\/tafla1b.jpg 1130w\" sizes=\"auto, (max-width: 1024px) 100vw, 1024px\" \/><\/a><a href=\"https:\/\/malsyni.hi.is\/wp-content\/uploads\/2024\/06\/tafla2.jpg\"><img loading=\"lazy\" decoding=\"async\" class=\"aligncenter wp-image-222 size-full\" src=\"https:\/\/malsyni.hi.is\/wp-content\/uploads\/2024\/06\/tafla2.jpg\" alt=\"\" width=\"806\" height=\"524\" srcset=\"https:\/\/malsyni.hi.is\/wp-content\/uploads\/2024\/06\/tafla2.jpg 806w, https:\/\/malsyni.hi.is\/wp-content\/uploads\/2024\/06\/tafla2-300x195.jpg 300w, https:\/\/malsyni.hi.is\/wp-content\/uploads\/2024\/06\/tafla2-768x499.jpg 768w, https:\/\/malsyni.hi.is\/wp-content\/uploads\/2024\/06\/tafla2-100x65.jpg 100w, https:\/\/malsyni.hi.is\/wp-content\/uploads\/2024\/06\/tafla2-150x98.jpg 150w\" sizes=\"auto, (max-width: 806px) 100vw, 806px\" \/><\/a><a href=\"https:\/\/malsyni.hi.is\/wp-content\/uploads\/2024\/06\/tafla3og4.jpg\"><img loading=\"lazy\" decoding=\"async\" class=\"aligncenter wp-image-227 size-large\" src=\"https:\/\/malsyni.hi.is\/wp-content\/uploads\/2024\/06\/tafla3og4-789x1024.jpg\" alt=\"\" width=\"789\" height=\"1024\" srcset=\"https:\/\/malsyni.hi.is\/wp-content\/uploads\/2024\/06\/tafla3og4-789x1024.jpg 789w, https:\/\/malsyni.hi.is\/wp-content\/uploads\/2024\/06\/tafla3og4-231x300.jpg 231w, https:\/\/malsyni.hi.is\/wp-content\/uploads\/2024\/06\/tafla3og4-768x997.jpg 768w, https:\/\/malsyni.hi.is\/wp-content\/uploads\/2024\/06\/tafla3og4-77x100.jpg 77w, https:\/\/malsyni.hi.is\/wp-content\/uploads\/2024\/06\/tafla3og4-116x150.jpg 116w, https:\/\/malsyni.hi.is\/wp-content\/uploads\/2024\/06\/tafla3og4.jpg 795w\" sizes=\"auto, (max-width: 789px) 100vw, 789px\" \/><\/a><a href=\"https:\/\/malsyni.hi.is\/wp-content\/uploads\/2024\/06\/tafla5.jpg\"><img loading=\"lazy\" decoding=\"async\" class=\"aligncenter wp-image-232 size-full\" src=\"https:\/\/malsyni.hi.is\/wp-content\/uploads\/2024\/06\/tafla5.jpg\" alt=\"\" width=\"688\" height=\"584\" srcset=\"https:\/\/malsyni.hi.is\/wp-content\/uploads\/2024\/06\/tafla5.jpg 688w, https:\/\/malsyni.hi.is\/wp-content\/uploads\/2024\/06\/tafla5-300x255.jpg 300w, https:\/\/malsyni.hi.is\/wp-content\/uploads\/2024\/06\/tafla5-100x85.jpg 100w, https:\/\/malsyni.hi.is\/wp-content\/uploads\/2024\/06\/tafla5-150x127.jpg 150w\" sizes=\"auto, (max-width: 688px) 100vw, 688px\" \/><\/a><\/p>\n","protected":false},"excerpt":{"rendered":"<p>\u00deegar b\u00fai\u00f0 er a\u00f0 afrita m\u00e1ls\u00fdni\u00f0 \u00fearf a\u00f0 hefjast handa vi\u00f0 a\u00f0 greina \u00fea\u00f0 og bera saman vi\u00f0 \u00f6nnur m\u00e1ls\u00fdni barna \u00e1 svipu\u00f0um aldri. Gott er a\u00f0 renna yfir s\u00fdni\u00f0 og sj\u00e1 hvort barni\u00f0 vir\u00f0ist eiga erfitt me\u00f0 a\u00f0 or\u00f0a hugsanir s\u00ednar, s\u00e9 lengi a\u00f0 finna or\u00f0 og hugt\u00f6k e\u00f0a hvort \u00fea\u00f0 s\u00e9 me\u00f0 mikla&hellip;<\/p>\n","protected":false},"author":3,"featured_media":0,"parent":0,"menu_order":6,"comment_status":"closed","ping_status":"closed","template":"","meta":{"footnotes":""},"class_list":["post-16","page","type-page","status-publish","hentry"],"_links":{"self":[{"href":"https:\/\/malsyni.hi.is\/index.php?rest_route=\/wp\/v2\/pages\/16","targetHints":{"allow":["GET"]}}],"collection":[{"href":"https:\/\/malsyni.hi.is\/index.php?rest_route=\/wp\/v2\/pages"}],"about":[{"href":"https:\/\/malsyni.hi.is\/index.php?rest_route=\/wp\/v2\/types\/page"}],"author":[{"embeddable":true,"href":"https:\/\/malsyni.hi.is\/index.php?rest_route=\/wp\/v2\/users\/3"}],"replies":[{"embeddable":true,"href":"https:\/\/malsyni.hi.is\/index.php?rest_route=%2Fwp%2Fv2%2Fcomments&post=16"}],"version-history":[{"count":15,"href":"https:\/\/malsyni.hi.is\/index.php?rest_route=\/wp\/v2\/pages\/16\/revisions"}],"predecessor-version":[{"id":236,"href":"https:\/\/malsyni.hi.is\/index.php?rest_route=\/wp\/v2\/pages\/16\/revisions\/236"}],"wp:attachment":[{"href":"https:\/\/malsyni.hi.is\/index.php?rest_route=%2Fwp%2Fv2%2Fmedia&parent=16"}],"curies":[{"name":"wp","href":"https:\/\/api.w.org\/{rel}","templated":true}]}}