{"id":184,"date":"2018-02-20T13:50:23","date_gmt":"2018-02-20T13:50:23","guid":{"rendered":"http:\/\/malsyni.hi.is\/?page_id=184"},"modified":"2018-02-20T13:58:43","modified_gmt":"2018-02-20T13:58:43","slug":"malgreinir","status":"publish","type":"page","link":"https:\/\/malsyni.hi.is\/?page_id=184","title":{"rendered":"M\u00e1lgreinir"},"content":{"rendered":"<p>Hugb\u00fana\u00f0urinn<em> M\u00e1lgreini<\/em> (J\u00f3hanna Thelma Einarsd\u00f3ttir og Stef\u00e1n Carl Peiser, 2016) tekur vi\u00f0 skj\u00f6lum \u00e1 Word formi og reiknar \u00fat Heildarfj\u00f6lda seg\u00f0a, Me\u00f0allengd seg\u00f0a, Heildarfj\u00f6lda or\u00f0a, Fj\u00f6lda mismunandi or\u00f0a, Fj\u00f6lda \u00f3skiljanlegra svara, Fj\u00f6lda j\u00e1\/nei svara og hlutfall villna \u00ed m\u00e1ls\u00fdni. Hugb\u00fana\u00f0inn er a\u00f0 finna \u00e1 eftirfarnandi heimas\u00ed\u00f0u <a href=\"http:\/\/malgreinir.herokuapp.com\/\" target=\"_blank\" rel=\"noopener\">http:\/\/malgreinir.herokuapp.com\/<\/a>.<\/p>\n<p>H\u00e9r \u00e1 eftir eru nokkur atri\u00f0i um hvernig M\u00e1lgreinir telur fj\u00f6lda or\u00f0a<\/p>\n<p><strong>Athugi\u00f0 M\u00e1lgreinir telur \u00e1 eftirfarandi h\u00e1tt<\/strong><\/p>\n<p style=\"padding-left: 30px;\">B \u00c9g fer \u00ed dag. ( Heildarfj\u00f6ldi or\u00f0a 4 \u2013 Fj\u00f6ldi mismunandi or\u00f0a 4)<\/p>\n<p style=\"padding-left: 30px;\">B Tveir \u00ed gamla leiksk\u00f3lanum m\u00ednum og Kjartan. ( Heildarfj\u00f6ldi or\u00f0a 7 \u2013 Fj\u00f6ldi mismunandi or\u00f0a 7)<\/p>\n<p style=\"padding-left: 30px;\">B \u00c9g fer \u00ed flottum st\u00edgv\u00e9lum \u00ed dag. ( Heildarfj\u00f6ldi or\u00f0a 7 \u2013 Fj\u00f6ldi mismunandi or\u00f0a 6)<\/p>\n<p><strong>Hornklofar<\/strong> Or\u00f0 innan hornklofa eru ekki talin me\u00f0 sem or\u00f0<\/p>\n<p style=\"padding-left: 30px;\">B [Mmm svo \u00e9g svo eg] Leikum. ( Heildarfj\u00f6ldi or\u00f0a 1 \u2013 Fj\u00f6ldi mismunandi or\u00f0a 1)<\/p>\n<p style=\"padding-left: 30px;\">B \u00c9g f\u00f3r i \u00fearna t\u00e6ki\u00f0 sem a\u00f0 [sem \u00fearna \u00fearna \u00fearna \u00fearna] ma\u00f0ur \u00e1tti a\u00f0 st\u00edga \u00e1 [svona \u00e1 \u00fearna] l j\u00f3s. ( Heildarfj\u00f6ldi or\u00f0a 13 \u2013 Fj\u00f6ldi mismunandi or\u00f0a 12)<\/p>\n<p><strong>G\u00e6salappir.<\/strong> G\u00e6salappir t\u00e1kna villur eins og \u00e1\u00f0ur hefur komi\u00f0 fram og eru \u00fe\u00e6r nokku\u00f0 vandme\u00f0farnar. Or\u00f0 innan g\u00e6salappa eru talin sem s\u00e9rst\u00f6k or\u00f0.<\/p>\n<p style=\"padding-left: 30px;\">B \u00c9g \u00e1 \u201eheimir\u201c<\/p>\n<p style=\"padding-left: 30px;\">M\u00e1lgreinir telur h\u00e9r heildarfj\u00f6ldi or\u00f0a eru 3 og fj\u00f6ldi mismunandi or\u00f0a eru 3. Hlutfallslegur fj\u00f6ldi villna er 1 or\u00f0 af 3 e\u00f0a 33%.<\/p>\n<p><strong>Passa aukabil.<\/strong> G\u00e6ta \u00fearf \u00feess a\u00f0 skr\u00e1 g\u00e6salappir \u00e1 r\u00e9ttan h\u00e1tt og passa a\u00f0 setja ekki aukabil \u00fev\u00ed annars koma villur \u00ed talningu forritsins. Ef aukabil er sett \u00e1 undan e\u00f0a eftir or\u00f0inu \u00e1 undan seinni hluta g\u00e6salappa telur forriti\u00f0 aukaor\u00f0. Or\u00f0 innan g\u00e6salappa eru talin sem s\u00e9rst\u00f6k or\u00f0 og geta skekkt fj\u00f6lda mismunandi or\u00f0a.<\/p>\n<p>B \u00c9g fer \u201eheims\u201c \u00ed dag.<\/p>\n<p>M\u00e1lgreinir telur h\u00e9r heildarfj\u00f6ldi or\u00f0a eru 5 og fj\u00f6ldi mismunandi or\u00f0a eru 5<\/p>\n<p>B \u00c9g fer \u201e heims\u201c \u00ed dag. Aukabil \u00e1 undan<\/p>\n<p>M\u00e1lgreinir telur h\u00e9r heildarfj\u00f6lda or\u00f0a eru 6 og fj\u00f6ldi mismunandi or\u00f0a eru 6<\/p>\n<p>B \u00c9g fer \u201eheims \u201c \u00ed dag. Aukabil \u00e1 eftir<\/p>\n<p>M\u00e1lgreinir telur h\u00e9r heildarfj\u00f6lda or\u00f0a eru 6 og fj\u00f6ldi mismunanda or\u00f0a eru 6<\/p>\n<p>B \u00c9g fer \u201e heims \u201c \u00ed dag. Aukabil \u00e1 undan og \u00e1 eftir<\/p>\n<p>M\u00e1lgreinir telur h\u00e9r heildarfj\u00f6lda or\u00f0a eru 7 og fj\u00f6ldi mismunandi or\u00f0a eru 7<\/p>\n<p><strong>Or\u00f0 innan g\u00e6salappa<\/strong> eru talin sem s\u00e9rst\u00f6k or\u00f0 og geta skekkt fj\u00f6lda mismunandi or\u00f0a.<\/p>\n<p style=\"padding-left: 30px;\">B \u00c9g fer \u201e\u00ed flottri st\u00edgv\u00e9lann\u201c \u00ed dag.<\/p>\n<p style=\"padding-left: 30px;\">M\u00e1lgreinir telur h\u00e9r heildarfj\u00f6lda or\u00f0a 7 og fj\u00f6lda mismunandi or\u00f0a einnig 7 \u00fe\u00f3 a\u00f0 or\u00f0i\u00f0 \u00ed komi tvisvar fyrir en \u00fear sem \u00fea\u00f0 kemur fyrir innan g\u00e6salappa \u00fe\u00e1 er \u00fea\u00f0 tali\u00f0 s\u00e9rstaklega Hlutfall villna er h\u00e9r 14% \u00fear sem \u00fea\u00f0 sem er innan s\u00f6mu g\u00e6salappa er tali\u00f0 sem ein villa.<\/p>\n<p style=\"padding-left: 30px;\">B \u00c9g fer \u00ed \u201eflottran st\u00edgv\u00e9lunum\u201c \u00ed dag.<\/p>\n<p style=\"padding-left: 30px;\">M\u00e1lgreinir telur h\u00e9r heildarfj\u00f6lda or\u00f0a 7 en fj\u00f6lda mismunandi or\u00f0a 6 \u00fear sem \u00ed er haft utan g\u00e6salappa. Hlutfall villna er h\u00e9r 14% \u00fear sem \u00fea\u00f0 sem er innan s\u00f6mu g\u00e6salappa er tali\u00f0 sem ein villa.<\/p>\n<p><strong>Athugi\u00f0<\/strong><\/p>\n<p>Ef \u00fea\u00f0 er villa \u00ed setningu barnsins \u00feannig a\u00f0 \u00fea\u00f0 vantar or\u00f0 \u00fe\u00e1 er \u201evilluor\u00f0i\u00f0\u201c tali\u00f0 me\u00f0. Or\u00f0i\u00f0 sem vantar er haft inni \u00ed g\u00e6sal\u00f6ppum.<\/p>\n<p>B hann \u201e\u201c \u00fati.<\/p>\n<p style=\"padding-left: 30px;\">\u00cd \u00feessari setningu eru tv\u00f6 or\u00f0 villulaus en villan felst \u00ed or\u00f0inu sem vantar sem er \u00ed \u00feessu tilfelli er. \u00deess vegna eru \u00ed \u00feessari setningu talin sem \u00ferj\u00fa mismunandi or\u00f0 en heildarfj\u00f6ldi or\u00f0a eru tv\u00f6<\/p>\n<p>B \u00c9g fer \u201e\u201c \u00ed dag.<\/p>\n<p style=\"padding-left: 30px;\">\u00c1 samb\u00e6rilegan h\u00e1tt eru telur M\u00e1lgreinir a\u00f0 h\u00e9r s\u00e9u 5 mismunandi or\u00f0 en heildarfj\u00f6ldi or\u00f0a 4<\/p>\n<p><strong>Muni\u00f0 a\u00f0 aukabilin geta veri\u00f0 varas\u00f6m !!<\/strong><\/p>\n<p style=\"padding-left: 30px;\">B \u00c9g fer \u201e \u201c \u00ed dag. 6 mismunandi or\u00f0 en heildarfj\u00f6ldi or\u00f0a 6<\/p>\n<p><strong>H\u00e6tta vi\u00f0 \u00ed mi\u00f0ri fr\u00e1s\u00f6gn<br \/>\n<\/strong>Ef barni\u00f0 h\u00e6ttir vi\u00f0 \u00ed mi\u00f0ri fr\u00e1s\u00f6gn er \u00fea\u00f0 t\u00e1kna\u00f0 me\u00f0 &gt; og er ekki tali\u00f0 me\u00f0 s\u00e9rstaklega<\/p>\n<p>B Bl\u00e1tt er kassi og&gt;<\/p>\n<p>M\u00e1lgreinir telur h\u00e9r heildarfj\u00f6lda or\u00f0a eru 4 og fj\u00f6ldi mismunandi or\u00f0a eru 4<\/p>\n<p><strong>\u00d3skiljanleg or\u00f0<br \/>\n<\/strong>Fj\u00f6ldi \u00f3skiljanlegra or\u00f0a er t\u00e1kna\u00f0ur me\u00f0 XXX sama hversu m\u00f6rg or\u00f0 e\u00f0a atkv\u00e6\u00f0i eru \u00ed or\u00f0inu. Eitt XXX er tali\u00f0 sem eitt or\u00f0.<\/p>\n<p>B \u00c9g fer \u00ed flottum XXX \u00ed dag.<\/p>\n<p>M\u00e1lgreinir telur h\u00e9r heildarfj\u00f6lda or\u00f0a eru 7 og fj\u00f6ldi mismunandi or\u00f0a eru 6 \u00fear sem forsetningin \u00ed kemur tvisvar fyrir .<\/p>\n","protected":false},"excerpt":{"rendered":"<p>Hugb\u00fana\u00f0urinn M\u00e1lgreini (J\u00f3hanna Thelma Einarsd\u00f3ttir og Stef\u00e1n Carl Peiser, 2016) tekur vi\u00f0 skj\u00f6lum \u00e1 Word formi og reiknar \u00fat Heildarfj\u00f6lda seg\u00f0a, Me\u00f0allengd seg\u00f0a, Heildarfj\u00f6lda or\u00f0a, Fj\u00f6lda mismunandi or\u00f0a, Fj\u00f6lda \u00f3skiljanlegra svara, Fj\u00f6lda j\u00e1\/nei svara og hlutfall villna \u00ed m\u00e1ls\u00fdni. Hugb\u00fana\u00f0inn er a\u00f0 finna \u00e1 eftirfarnandi heimas\u00ed\u00f0u http:\/\/malgreinir.herokuapp.com\/. H\u00e9r \u00e1 eftir eru nokkur atri\u00f0i um hvernig&hellip;<\/p>\n","protected":false},"author":1,"featured_media":0,"parent":0,"menu_order":0,"comment_status":"closed","ping_status":"closed","template":"","meta":{"footnotes":""},"class_list":["post-184","page","type-page","status-publish","hentry"],"_links":{"self":[{"href":"https:\/\/malsyni.hi.is\/index.php?rest_route=\/wp\/v2\/pages\/184","targetHints":{"allow":["GET"]}}],"collection":[{"href":"https:\/\/malsyni.hi.is\/index.php?rest_route=\/wp\/v2\/pages"}],"about":[{"href":"https:\/\/malsyni.hi.is\/index.php?rest_route=\/wp\/v2\/types\/page"}],"author":[{"embeddable":true,"href":"https:\/\/malsyni.hi.is\/index.php?rest_route=\/wp\/v2\/users\/1"}],"replies":[{"embeddable":true,"href":"https:\/\/malsyni.hi.is\/index.php?rest_route=%2Fwp%2Fv2%2Fcomments&post=184"}],"version-history":[{"count":2,"href":"https:\/\/malsyni.hi.is\/index.php?rest_route=\/wp\/v2\/pages\/184\/revisions"}],"predecessor-version":[{"id":186,"href":"https:\/\/malsyni.hi.is\/index.php?rest_route=\/wp\/v2\/pages\/184\/revisions\/186"}],"wp:attachment":[{"href":"https:\/\/malsyni.hi.is\/index.php?rest_route=%2Fwp%2Fv2%2Fmedia&parent=184"}],"curies":[{"name":"wp","href":"https:\/\/api.w.org\/{rel}","templated":true}]}}