{"id":9,"date":"2018-02-19T14:30:21","date_gmt":"2018-02-19T14:30:21","guid":{"rendered":"http:\/\/malsyni.hi.is\/?page_id=9"},"modified":"2018-02-19T14:35:10","modified_gmt":"2018-02-19T14:35:10","slug":"forsida","status":"publish","type":"page","link":"https:\/\/malsyni.hi.is\/","title":{"rendered":"Fors\u00ed\u00f0a"},"content":{"rendered":"<p>M\u00e1ls\u00fdni eru stutt s\u00fdnishorn af m\u00e1ltj\u00e1ningu barna og unglinga. M\u00e1ls\u00fdnin endurspegla m\u00e1ltj\u00e1ningu barnsins \u00ed daglegu l\u00edfi vi\u00f0 algengar a\u00f0st\u00e6\u00f0ur. Margar ranns\u00f3knir \u00e1 m\u00e1lt\u00f6ku barna hafa byggst \u00e1 m\u00e1ls\u00fdnat\u00f6ku e\u00f0a me\u00f0 \u00fev\u00ed a\u00f0 skr\u00e1 m\u00e1ltj\u00e1ningu barnanna \u00e1 skipulegan h\u00e1tt. M\u00e1ls\u00fdni eru notu\u00f0 til a\u00f0 sko\u00f0a virka m\u00e1ltj\u00e1ningu barna, or\u00f0afor\u00f0a \u00feeirra, me\u00f0allengd seg\u00f0a, fj\u00f6lda mismunandi or\u00f0a, m\u00e1lfr\u00e6\u00f0ivillur og m\u00e1lfr\u00e6\u00f0iatri\u00f0i. Einnig er h\u00e6gt a\u00f0 nota m\u00e1ls\u00fdni til a\u00f0 sko\u00f0a algengi og t\u00ed\u00f0ni or\u00f0a. M\u00e1ltj\u00e1ning barnanna er athugu\u00f0 me\u00f0an \u00feau tj\u00e1 sig\u00a0sj\u00e1lfsprotti\u00f0 \u00ed leik e\u00f0a a\u00f0 spjalla vi\u00f0 fullor\u00f0in einstakling. H\u00e9r er a\u00f0 finna lei\u00f0beiningar um hvernig taka \u00e1 m\u00e1ls\u00fdni, afrita \u00fea\u00f0 og vinna \u00far \u00fev\u00ed. Ennfremur er h\u00e6gt a\u00f0 finna vi\u00f0mi\u00f0unart\u00f6lur og reikna \u00fat hvar barni\u00f0 stendur mi\u00f0a\u00f0 vi\u00f0 jafnaldra. \u00c1 heimas\u00ed\u00f0unni er tenging vi\u00f0 t\u00f6lvuforriti\u00f0 M\u00e1lgreini (J\u00f3hanna T. Einarsd\u00f3ttir og Stef\u00e1n C. Peiser, 2016) sem vinnur \u00far m\u00e1ls\u00fdnunum \u00e1 flj\u00f3tlegan og einfaldan h\u00e1tt.<\/p>\n","protected":false},"excerpt":{"rendered":"<p>M\u00e1ls\u00fdni eru stutt s\u00fdnishorn af m\u00e1ltj\u00e1ningu barna og unglinga. M\u00e1ls\u00fdnin endurspegla m\u00e1ltj\u00e1ningu barnsins \u00ed daglegu l\u00edfi vi\u00f0 algengar a\u00f0st\u00e6\u00f0ur. Margar ranns\u00f3knir \u00e1 m\u00e1lt\u00f6ku barna hafa byggst \u00e1 m\u00e1ls\u00fdnat\u00f6ku e\u00f0a me\u00f0 \u00fev\u00ed a\u00f0 skr\u00e1 m\u00e1ltj\u00e1ningu barnanna \u00e1 skipulegan h\u00e1tt. M\u00e1ls\u00fdni eru notu\u00f0 til a\u00f0 sko\u00f0a virka m\u00e1ltj\u00e1ningu barna, or\u00f0afor\u00f0a \u00feeirra, me\u00f0allengd seg\u00f0a, fj\u00f6lda mismunandi or\u00f0a, m\u00e1lfr\u00e6\u00f0ivillur&hellip;<\/p>\n","protected":false},"author":3,"featured_media":0,"parent":0,"menu_order":0,"comment_status":"closed","ping_status":"closed","template":"","meta":{"footnotes":""},"class_list":["post-9","page","type-page","status-publish","hentry"],"_links":{"self":[{"href":"https:\/\/malsyni.hi.is\/index.php?rest_route=\/wp\/v2\/pages\/9","targetHints":{"allow":["GET"]}}],"collection":[{"href":"https:\/\/malsyni.hi.is\/index.php?rest_route=\/wp\/v2\/pages"}],"about":[{"href":"https:\/\/malsyni.hi.is\/index.php?rest_route=\/wp\/v2\/types\/page"}],"author":[{"embeddable":true,"href":"https:\/\/malsyni.hi.is\/index.php?rest_route=\/wp\/v2\/users\/3"}],"replies":[{"embeddable":true,"href":"https:\/\/malsyni.hi.is\/index.php?rest_route=%2Fwp%2Fv2%2Fcomments&post=9"}],"version-history":[{"count":9,"href":"https:\/\/malsyni.hi.is\/index.php?rest_route=\/wp\/v2\/pages\/9\/revisions"}],"predecessor-version":[{"id":174,"href":"https:\/\/malsyni.hi.is\/index.php?rest_route=\/wp\/v2\/pages\/9\/revisions\/174"}],"wp:attachment":[{"href":"https:\/\/malsyni.hi.is\/index.php?rest_route=%2Fwp%2Fv2%2Fmedia&parent=9"}],"curies":[{"name":"wp","href":"https:\/\/api.w.org\/{rel}","templated":true}]}}